{"id":12671,"date":"2025-09-29T14:40:08","date_gmt":"2025-09-29T14:40:08","guid":{"rendered":"https:\/\/hf-concepts.de\/?page_id=12671"},"modified":"2025-10-01T07:18:56","modified_gmt":"2025-10-01T07:18:56","slug":"events-2","status":"publish","type":"page","link":"https:\/\/hf-concepts.de\/en\/events-2","title":{"rendered":"Events"},"content":{"rendered":"\t\t<div data-elementor-type=\"wp-page\" data-elementor-id=\"12671\" class=\"elementor elementor-12671 elementor-12670\" data-elementor-post-type=\"page\">\n\t\t\t\t<div class=\"elementor-element elementor-element-8f5942c e-flex e-con-boxed e-con e-parent\" data-id=\"8f5942c\" data-element_type=\"container\" data-e-type=\"container\">\n\t\t\t\t\t<div class=\"e-con-inner\">\n\t\t\t\t<div class=\"elementor-element elementor-element-6bbf691 elementor-widget__width-inherit elementor-widget elementor-widget-heading\" data-id=\"6bbf691\" data-element_type=\"widget\" data-e-type=\"widget\" data-widget_type=\"heading.default\">\n\t\t\t\t\t<h3 class=\"elementor-heading-title elementor-size-default\">Where you can find us<\/h3>\t\t\t\t<\/div>\n\t\t\t\t<div class=\"elementor-element elementor-element-faee1e8 hellblau elementor-widget__width-inherit elementor-widget elementor-widget-heading\" data-id=\"faee1e8\" data-element_type=\"widget\" data-e-type=\"widget\" data-widget_type=\"heading.default\">\n\t\t\t\t\t<h1 class=\"elementor-heading-title elementor-size-default\">Upcoming events and trade fair appearances<\/h1>\t\t\t\t<\/div>\n\t\t<div class=\"elementor-element elementor-element-55ce34a e-con-full e-flex e-con e-child\" data-id=\"55ce34a\" data-element_type=\"container\" data-e-type=\"container\" data-settings=\"{&quot;background_background&quot;:&quot;classic&quot;}\">\n\t\t\t\t<div class=\"elementor-element elementor-element-89aa12e elementor-widget elementor-widget-image\" data-id=\"89aa12e\" data-element_type=\"widget\" data-e-type=\"widget\" data-widget_type=\"image.default\">\n\t\t\t\t\t\t\t\t\t\t\t\t\t\t\t\t<a href=\"https:\/\/shop.invatio-web.de\/?ref=HFCONCEPTS\">\n\t\t\t\t\t\t\t<img fetchpriority=\"high\" decoding=\"async\" width=\"750\" height=\"380\" src=\"https:\/\/hf-concepts.de\/wp-content\/uploads\/2025\/09\/invatio_shop-2.png\" class=\"attachment-large size-large wp-image-12732\" alt=\"\" srcset=\"https:\/\/hf-concepts.de\/wp-content\/uploads\/2025\/09\/invatio_shop-2.png 750w, https:\/\/hf-concepts.de\/wp-content\/uploads\/2025\/09\/invatio_shop-2-300x152.png 300w\" sizes=\"(max-width: 750px) 100vw, 750px\" \/>\t\t\t\t\t\t\t\t<\/a>\n\t\t\t\t\t\t\t\t\t\t\t\t\t\t\t<\/div>\n\t\t\t\t<div class=\"elementor-element elementor-element-c9747ac elementor-widget elementor-widget-heading\" data-id=\"c9747ac\" data-element_type=\"widget\" data-e-type=\"widget\" data-widget_type=\"heading.default\">\n\t\t\t\t\t<h2 class=\"elementor-heading-title elementor-size-default\"><a href=\"https:\/\/shop.invatio-web.de\/?ref=HFCONCEPTS\">HF Concepts at the Turn Around Aging conference in Munich<\/a><\/h2>\t\t\t\t<\/div>\n\t\t\t\t<div class=\"elementor-element elementor-element-4e8dd25 elementor-widget elementor-widget-text-editor\" data-id=\"4e8dd25\" data-element_type=\"widget\" data-e-type=\"widget\" data-widget_type=\"text-editor.default\">\n\t\t\t\t\t\t\t\t\t<p>INVATIO bietet alles an Zubeh\u00f6r zu den hypoxBreath-Ger\u00e4ten.<\/p>\t\t\t\t\t\t\t\t<\/div>\n\t\t\t\t<\/div>\n\t\t<div class=\"elementor-element elementor-element-5ef5482 e-con-full e-flex e-con e-child\" data-id=\"5ef5482\" data-element_type=\"container\" data-e-type=\"container\" data-settings=\"{&quot;background_background&quot;:&quot;classic&quot;}\">\n\t\t\t\t<div class=\"elementor-element elementor-element-cfeaa27 elementor-widget elementor-widget-image\" data-id=\"cfeaa27\" data-element_type=\"widget\" data-e-type=\"widget\" data-widget_type=\"image.default\">\n\t\t\t\t\t\t\t\t\t\t\t\t\t\t\t\t<a href=\"https:\/\/ecampus.hccacademy.de\/s\/hccacademy\/iht-masterclass-REG-3b248ad2?pid=140481&#038;prid=15553&#038;upsells=none\">\n\t\t\t\t\t\t\t<img decoding=\"async\" width=\"750\" height=\"380\" src=\"https:\/\/hf-concepts.de\/wp-content\/uploads\/2025\/09\/HCC-Akademie_Shop.png\" class=\"attachment-1536x1536 size-1536x1536 wp-image-12734\" alt=\"\" srcset=\"https:\/\/hf-concepts.de\/wp-content\/uploads\/2025\/09\/HCC-Akademie_Shop.png 750w, https:\/\/hf-concepts.de\/wp-content\/uploads\/2025\/09\/HCC-Akademie_Shop-300x152.png 300w\" sizes=\"(max-width: 750px) 100vw, 750px\" \/>\t\t\t\t\t\t\t\t<\/a>\n\t\t\t\t\t\t\t\t\t\t\t\t\t\t\t<\/div>\n\t\t\t\t<div class=\"elementor-element elementor-element-0898b6c elementor-widget elementor-widget-heading\" data-id=\"0898b6c\" data-element_type=\"widget\" data-e-type=\"widget\" data-widget_type=\"heading.default\">\n\t\t\t\t\t<h2 class=\"elementor-heading-title elementor-size-default\"><a href=\"https:\/\/ecampus.hccacademy.de\/s\/hccacademy\/iht-masterclass-REG-3b248ad2?pid=140481&#038;prid=15553&#038;upsells=none\">HF Concepts at the FaceClub Longevity Day at AquaWista in Berlin<\/a><\/h2>\t\t\t\t<\/div>\n\t\t\t\t<div class=\"elementor-element elementor-element-4d32b56 elementor-widget elementor-widget-text-editor\" data-id=\"4d32b56\" data-element_type=\"widget\" data-e-type=\"widget\" data-widget_type=\"text-editor.default\">\n\t\t\t\t\t\t\t\t\t<p>Die HCC Akademie bietet Online-Kurse zum Thema IHHT H\u00f6hentraining an.<\/p>\t\t\t\t\t\t\t\t<\/div>\n\t\t\t\t<\/div>\n\t\t<div class=\"elementor-element elementor-element-974d7c9 e-con-full e-flex e-con e-child\" data-id=\"974d7c9\" data-element_type=\"container\" data-e-type=\"container\" data-settings=\"{&quot;background_background&quot;:&quot;classic&quot;}\">\n\t\t\t\t<div class=\"elementor-element elementor-element-0ec9618 elementor-widget elementor-widget-image\" data-id=\"0ec9618\" data-element_type=\"widget\" data-e-type=\"widget\" data-widget_type=\"image.default\">\n\t\t\t\t\t\t\t\t\t\t\t\t\t\t\t\t<a href=\"https:\/\/naddirect.com?sca_ref=9360904.k67plh7CKs\">\n\t\t\t\t\t\t\t<img decoding=\"async\" width=\"750\" height=\"380\" src=\"https:\/\/hf-concepts.de\/wp-content\/uploads\/2025\/09\/nad_shop.png\" class=\"attachment-1536x1536 size-1536x1536 wp-image-12736\" alt=\"\" srcset=\"https:\/\/hf-concepts.de\/wp-content\/uploads\/2025\/09\/nad_shop.png 750w, https:\/\/hf-concepts.de\/wp-content\/uploads\/2025\/09\/nad_shop-300x152.png 300w\" sizes=\"(max-width: 750px) 100vw, 750px\" \/>\t\t\t\t\t\t\t\t<\/a>\n\t\t\t\t\t\t\t\t\t\t\t\t\t\t\t<\/div>\n\t\t\t\t<div class=\"elementor-element elementor-element-4c7f475 elementor-widget elementor-widget-heading\" data-id=\"4c7f475\" data-element_type=\"widget\" data-e-type=\"widget\" data-widget_type=\"heading.default\">\n\t\t\t\t\t<h2 class=\"elementor-heading-title elementor-size-default\"><a href=\"https:\/\/naddirect.com?sca_ref=9360904.k67plh7CKs\">HF Concepts at FIBO in the Longevity Hall 1 in Cologne<\/a><\/h2>\t\t\t\t<\/div>\n\t\t\t\t<div class=\"elementor-element elementor-element-dcbed20 elementor-widget elementor-widget-text-editor\" data-id=\"dcbed20\" data-element_type=\"widget\" data-e-type=\"widget\" data-widget_type=\"text-editor.default\">\n\t\t\t\t\t\t\t\t\t<p>NADclinic bietet NAD\u207a-Therapien, diagnostische Verfahren und personalisierte Gesundheits-Protokolle zur Optimierung von Wohlbefinden, Leistungsf\u00e4higkeit und Lebensspanne.<\/p>\t\t\t\t\t\t\t\t<\/div>\n\t\t\t\t<\/div>\n\t\t<div class=\"elementor-element elementor-element-1e1c4c6 e-con-full e-flex e-con e-child\" data-id=\"1e1c4c6\" data-element_type=\"container\" data-e-type=\"container\" data-settings=\"{&quot;background_background&quot;:&quot;classic&quot;}\">\n\t\t\t\t<div class=\"elementor-element elementor-element-d8d4a9f elementor-widget elementor-widget-image\" data-id=\"d8d4a9f\" data-element_type=\"widget\" data-e-type=\"widget\" data-widget_type=\"image.default\">\n\t\t\t\t\t\t\t\t\t\t\t\t\t\t\t\t<a href=\"https:\/\/moleqlar.com?sca_ref=9321956.8G8BcI4tgh\">\n\t\t\t\t\t\t\t<img loading=\"lazy\" decoding=\"async\" width=\"750\" height=\"380\" src=\"https:\/\/hf-concepts.de\/wp-content\/uploads\/2025\/09\/Moleqlar_shop.png\" class=\"attachment-1536x1536 size-1536x1536 wp-image-12738\" alt=\"\" srcset=\"https:\/\/hf-concepts.de\/wp-content\/uploads\/2025\/09\/Moleqlar_shop.png 750w, https:\/\/hf-concepts.de\/wp-content\/uploads\/2025\/09\/Moleqlar_shop-300x152.png 300w\" sizes=\"(max-width: 750px) 100vw, 750px\" \/>\t\t\t\t\t\t\t\t<\/a>\n\t\t\t\t\t\t\t\t\t\t\t\t\t\t\t<\/div>\n\t\t\t\t<div class=\"elementor-element elementor-element-462a055 elementor-widget elementor-widget-heading\" data-id=\"462a055\" data-element_type=\"widget\" data-e-type=\"widget\" data-widget_type=\"heading.default\">\n\t\t\t\t\t<h2 class=\"elementor-heading-title elementor-size-default\"><a href=\"https:\/\/moleqlar.com?sca_ref=9321956.8G8BcI4tgh\">HF Concepts at the Congress for Integrative Medicine at KOS (Greece)<\/a><\/h2>\t\t\t\t<\/div>\n\t\t\t\t<div class=\"elementor-element elementor-element-4dfe496 elementor-widget elementor-widget-text-editor\" data-id=\"4dfe496\" data-element_type=\"widget\" data-e-type=\"widget\" data-widget_type=\"text-editor.default\">\n\t\t\t\t\t\t\t\t\t<p>MoleQlar bietet wissenschaftlich fundierte Longevity-Supplements, Labor-Tests und personalisierte Routinen zur F\u00f6rderung von Gesundheit, Leistungsf\u00e4higkeit und Anti-Aging.<\/p>\t\t\t\t\t\t\t\t<\/div>\n\t\t\t\t<\/div>\n\t\t<div class=\"elementor-element elementor-element-3b54088 e-con-full e-flex e-con e-child\" data-id=\"3b54088\" data-element_type=\"container\" data-e-type=\"container\" data-settings=\"{&quot;background_background&quot;:&quot;classic&quot;}\">\n\t\t\t\t<div class=\"elementor-element elementor-element-e600ead elementor-widget elementor-widget-image\" data-id=\"e600ead\" data-element_type=\"widget\" data-e-type=\"widget\" data-widget_type=\"image.default\">\n\t\t\t\t\t\t\t\t\t\t\t\t\t\t\t\t<a href=\"https:\/\/choosemuse.com\/hfconcepts\">\n\t\t\t\t\t\t\t<img loading=\"lazy\" decoding=\"async\" width=\"750\" height=\"380\" src=\"https:\/\/hf-concepts.de\/wp-content\/uploads\/2025\/09\/Muse_shop.png\" class=\"attachment-1536x1536 size-1536x1536 wp-image-12740\" alt=\"\" srcset=\"https:\/\/hf-concepts.de\/wp-content\/uploads\/2025\/09\/Muse_shop.png 750w, https:\/\/hf-concepts.de\/wp-content\/uploads\/2025\/09\/Muse_shop-300x152.png 300w\" sizes=\"(max-width: 750px) 100vw, 750px\" \/>\t\t\t\t\t\t\t\t<\/a>\n\t\t\t\t\t\t\t\t\t\t\t\t\t\t\t<\/div>\n\t\t\t\t<div class=\"elementor-element elementor-element-ce2a9fa elementor-widget elementor-widget-heading\" data-id=\"ce2a9fa\" data-element_type=\"widget\" data-e-type=\"widget\" data-widget_type=\"heading.default\">\n\t\t\t\t\t<h2 class=\"elementor-heading-title elementor-size-default\"><a href=\"https:\/\/choosemuse.com\/hfconcepts\">HF Concepts at the IFA in berlin<\/a><\/h2>\t\t\t\t<\/div>\n\t\t\t\t<div class=\"elementor-element elementor-element-1969fe1 elementor-widget elementor-widget-text-editor\" data-id=\"1969fe1\" data-element_type=\"widget\" data-e-type=\"widget\" data-widget_type=\"text-editor.default\">\n\t\t\t\t\t\t\t\t\t<p><strong data-start=\"0\" data-end=\"8\">Muse<\/strong> bietet tragbare EEG-Technologie, die Echtzeit-Biofeedback zu Gehirnaktivit\u00e4t, Herzfrequenz, Atmung und Bewegung liefert, um Fokus, Entspannung und Schlafqualit\u00e4t zu verbessern. Die Muse Headbands unterst\u00fctzen mentale Fitness und bieten personalisierte Meditationserlebnisse basierend auf wissenschaftlicher Forschung.\u00a0<\/p>\t\t\t\t\t\t\t\t<\/div>\n\t\t\t\t<\/div>\n\t\t<div class=\"elementor-element elementor-element-e11f8f5 e-con-full e-flex e-con e-child\" data-id=\"e11f8f5\" data-element_type=\"container\" data-e-type=\"container\" data-settings=\"{&quot;background_background&quot;:&quot;classic&quot;}\">\n\t\t\t\t<div class=\"elementor-element elementor-element-c88675e elementor-widget elementor-widget-image\" data-id=\"c88675e\" data-element_type=\"widget\" data-e-type=\"widget\" data-widget_type=\"image.default\">\n\t\t\t\t\t\t\t\t\t\t\t\t\t\t\t\t<a href=\"https:\/\/neurovizr.ch\/HF_CONCEPTS\">\n\t\t\t\t\t\t\t<img loading=\"lazy\" decoding=\"async\" width=\"750\" height=\"380\" src=\"https:\/\/hf-concepts.de\/wp-content\/uploads\/2025\/09\/neurovzir_shop.png\" class=\"attachment-1536x1536 size-1536x1536 wp-image-12742\" alt=\"\" srcset=\"https:\/\/hf-concepts.de\/wp-content\/uploads\/2025\/09\/neurovzir_shop.png 750w, https:\/\/hf-concepts.de\/wp-content\/uploads\/2025\/09\/neurovzir_shop-300x152.png 300w\" sizes=\"(max-width: 750px) 100vw, 750px\" \/>\t\t\t\t\t\t\t\t<\/a>\n\t\t\t\t\t\t\t\t\t\t\t\t\t\t\t<\/div>\n\t\t\t\t<div class=\"elementor-element elementor-element-926016c elementor-widget elementor-widget-heading\" data-id=\"926016c\" data-element_type=\"widget\" data-e-type=\"widget\" data-widget_type=\"heading.default\">\n\t\t\t\t\t<h2 class=\"elementor-heading-title elementor-size-default\"><a href=\"https:\/\/neurovizr.ch\/HF_CONCEPTS\">HF Concepts at the Flowfest in Munich<\/a><\/h2>\t\t\t\t<\/div>\n\t\t\t\t<div class=\"elementor-element elementor-element-1178c44 elementor-widget elementor-widget-text-editor\" data-id=\"1178c44\" data-element_type=\"widget\" data-e-type=\"widget\" data-widget_type=\"text-editor.default\">\n\t\t\t\t\t\t\t\t\t<p>NeuroVIZR nutzt Licht- und Ton-Sessions (\u00fcber ein Ger\u00e4t + App) zur Beeinflussung des Bewusstseins und zur Unterst\u00fctzung von Schlaf, Meditation, Stressabbau und Leistungsf\u00e4higkeit.<\/p>\t\t\t\t\t\t\t\t<\/div>\n\t\t\t\t<\/div>\n\t\t<div class=\"elementor-element elementor-element-4d0b46a e-con-full e-flex e-con e-child\" data-id=\"4d0b46a\" data-element_type=\"container\" data-e-type=\"container\" data-settings=\"{&quot;background_background&quot;:&quot;classic&quot;}\">\n\t\t\t\t<div class=\"elementor-element elementor-element-1bab9f1 elementor-widget elementor-widget-image\" data-id=\"1bab9f1\" data-element_type=\"widget\" data-e-type=\"widget\" data-widget_type=\"image.default\">\n\t\t\t\t\t\t\t\t\t\t\t\t\t\t\t<img loading=\"lazy\" decoding=\"async\" width=\"750\" height=\"380\" src=\"https:\/\/hf-concepts.de\/wp-content\/uploads\/2025\/09\/Vitori_shop.png\" class=\"attachment-1536x1536 size-1536x1536 wp-image-12744\" alt=\"\" srcset=\"https:\/\/hf-concepts.de\/wp-content\/uploads\/2025\/09\/Vitori_shop.png 750w, https:\/\/hf-concepts.de\/wp-content\/uploads\/2025\/09\/Vitori_shop-300x152.png 300w\" sizes=\"(max-width: 750px) 100vw, 750px\" \/>\t\t\t\t\t\t\t\t\t\t\t\t\t\t\t<\/div>\n\t\t\t\t<div class=\"elementor-element elementor-element-8ec8767 elementor-widget elementor-widget-heading\" data-id=\"8ec8767\" data-element_type=\"widget\" data-e-type=\"widget\" data-widget_type=\"heading.default\">\n\t\t\t\t\t<h2 class=\"elementor-heading-title elementor-size-default\">HF Concepts at the 3rd Expertcouncil Congress Medicine 3.0 in Unterhaching\/Munich<\/h2>\t\t\t\t<\/div>\n\t\t\t\t<div class=\"elementor-element elementor-element-8b05454 elementor-widget elementor-widget-text-editor\" data-id=\"8b05454\" data-element_type=\"widget\" data-e-type=\"widget\" data-widget_type=\"text-editor.default\">\n\t\t\t\t\t\t\t\t\t<div class=\"pointer-events-none h-px w-px\" aria-hidden=\"true\" data-edge=\"true\"><span style=\"font-size: 1rem;\">Vitori bietet hochwertige Gesundheitsprodukte wie Kristallmatten, die Tiefenw\u00e4rme, Magnetfeldtherapie, Biophotonen und negative Ionen kombinieren, um Regeneration, Stressabbau und Wohlbefinden zu f\u00f6rdern. Die Produkte unterst\u00fctzen k\u00f6rperliche und mentale Balance mit wissenschaftlich fundierten Methoden im Alltag.<\/span><\/div>\t\t\t\t\t\t\t\t<\/div>\n\t\t\t\t<\/div>\n\t\t\t\t\t<\/div>\n\t\t\t\t<\/div>\n\t\t<div class=\"elementor-element elementor-element-1891fed e-flex e-con-boxed e-con e-parent\" data-id=\"1891fed\" data-element_type=\"container\" data-e-type=\"container\">\n\t\t\t\t\t<div class=\"e-con-inner\">\n\t\t\t\t\t<\/div>\n\t\t\t\t<\/div>\n\t\t\t\t<\/div>\n\t\t","protected":false},"excerpt":{"rendered":"<p>Where you can find us Upcoming events and trade fair appearances HF Concepts at the Turn Around Aging conference in Munich INVATIO bietet alles an Zubeh\u00f6r zu den hypoxBreath-Ger\u00e4ten. HF Concepts at the FaceClub Longevity Day at AquaWista in Berlin Die HCC Akademie bietet Online-Kurse zum Thema IHHT H\u00f6hentraining an. HF Concepts at FIBO in [&hellip;]<\/p>\n","protected":false},"author":4,"featured_media":0,"parent":0,"menu_order":0,"comment_status":"closed","ping_status":"closed","template":"","meta":{"footnotes":""},"class_list":["post-12671","page","type-page","status-publish","hentry"],"yoast_head":"<!-- This site is optimized with the Yoast SEO plugin v27.3 - https:\/\/yoast.com\/product\/yoast-seo-wordpress\/ -->\n<title>Events - HF Concepts<\/title>\n<meta name=\"robots\" content=\"index, follow, max-snippet:-1, max-image-preview:large, max-video-preview:-1\" \/>\n<link rel=\"canonical\" href=\"https:\/\/hf-concepts.de\/en\/events-2\" \/>\n<meta property=\"og:locale\" content=\"en_US\" \/>\n<meta property=\"og:type\" content=\"article\" \/>\n<meta property=\"og:title\" content=\"Events - HF Concepts\" \/>\n<meta property=\"og:description\" content=\"Where you can find us Upcoming events and trade fair appearances HF Concepts at the Turn Around Aging conference in Munich INVATIO bietet alles an Zubeh\u00f6r zu den hypoxBreath-Ger\u00e4ten. HF Concepts at the FaceClub Longevity Day at AquaWista in Berlin Die HCC Akademie bietet Online-Kurse zum Thema IHHT H\u00f6hentraining an. HF Concepts at FIBO in [&hellip;]\" \/>\n<meta property=\"og:url\" content=\"https:\/\/hf-concepts.de\/en\/events-2\" \/>\n<meta property=\"og:site_name\" content=\"HF Concepts\" \/>\n<meta property=\"article:publisher\" content=\"https:\/\/www.facebook.com\/hfconceptsgermany\/\" \/>\n<meta property=\"article:modified_time\" content=\"2025-10-01T07:18:56+00:00\" \/>\n<meta property=\"og:image\" content=\"https:\/\/hf-concepts.de\/wp-content\/uploads\/2025\/09\/invatio_shop-2.png\" \/>\n\t<meta property=\"og:image:width\" content=\"750\" \/>\n\t<meta property=\"og:image:height\" content=\"380\" \/>\n\t<meta property=\"og:image:type\" content=\"image\/png\" \/>\n<meta name=\"twitter:card\" content=\"summary_large_image\" \/>\n<meta name=\"twitter:label1\" content=\"Est. reading time\" \/>\n\t<meta name=\"twitter:data1\" content=\"1 minute\" \/>\n<script type=\"application\/ld+json\" class=\"yoast-schema-graph\">{\"@context\":\"https:\\\/\\\/schema.org\",\"@graph\":[{\"@type\":\"WebPage\",\"@id\":\"https:\\\/\\\/hf-concepts.de\\\/en\\\/events-2\",\"url\":\"https:\\\/\\\/hf-concepts.de\\\/en\\\/events-2\",\"name\":\"Events - HF Concepts\",\"isPartOf\":{\"@id\":\"https:\\\/\\\/hf-concepts.de\\\/en#website\"},\"primaryImageOfPage\":{\"@id\":\"https:\\\/\\\/hf-concepts.de\\\/en\\\/events-2#primaryimage\"},\"image\":{\"@id\":\"https:\\\/\\\/hf-concepts.de\\\/en\\\/events-2#primaryimage\"},\"thumbnailUrl\":\"https:\\\/\\\/hf-concepts.de\\\/wp-content\\\/uploads\\\/2025\\\/09\\\/invatio_shop-2.png\",\"datePublished\":\"2025-09-29T14:40:08+00:00\",\"dateModified\":\"2025-10-01T07:18:56+00:00\",\"breadcrumb\":{\"@id\":\"https:\\\/\\\/hf-concepts.de\\\/en\\\/events-2#breadcrumb\"},\"inLanguage\":\"en-US\",\"potentialAction\":[{\"@type\":\"ReadAction\",\"target\":[\"https:\\\/\\\/hf-concepts.de\\\/en\\\/events-2\"]}]},{\"@type\":\"ImageObject\",\"inLanguage\":\"en-US\",\"@id\":\"https:\\\/\\\/hf-concepts.de\\\/en\\\/events-2#primaryimage\",\"url\":\"https:\\\/\\\/hf-concepts.de\\\/wp-content\\\/uploads\\\/2025\\\/09\\\/invatio_shop-2.png\",\"contentUrl\":\"https:\\\/\\\/hf-concepts.de\\\/wp-content\\\/uploads\\\/2025\\\/09\\\/invatio_shop-2.png\"},{\"@type\":\"BreadcrumbList\",\"@id\":\"https:\\\/\\\/hf-concepts.de\\\/en\\\/events-2#breadcrumb\",\"itemListElement\":[{\"@type\":\"ListItem\",\"position\":1,\"name\":\"Startseite\",\"item\":\"https:\\\/\\\/hf-concepts.de\\\/en\\\/home\"},{\"@type\":\"ListItem\",\"position\":2,\"name\":\"Events\"}]},{\"@type\":\"WebSite\",\"@id\":\"https:\\\/\\\/hf-concepts.de\\\/en#website\",\"url\":\"https:\\\/\\\/hf-concepts.de\\\/en\",\"name\":\"HF Concepts\",\"description\":\"Experten f\u00fcr Biohacking &amp; Longevity Technologien\",\"publisher\":{\"@id\":\"https:\\\/\\\/hf-concepts.de\\\/en#organization\"},\"potentialAction\":[{\"@type\":\"SearchAction\",\"target\":{\"@type\":\"EntryPoint\",\"urlTemplate\":\"https:\\\/\\\/hf-concepts.de\\\/en?s={search_term_string}\"},\"query-input\":{\"@type\":\"PropertyValueSpecification\",\"valueRequired\":true,\"valueName\":\"search_term_string\"}}],\"inLanguage\":\"en-US\"},{\"@type\":\"Organization\",\"@id\":\"https:\\\/\\\/hf-concepts.de\\\/en#organization\",\"name\":\"HF-Concepts\",\"url\":\"https:\\\/\\\/hf-concepts.de\\\/en\",\"logo\":{\"@type\":\"ImageObject\",\"inLanguage\":\"en-US\",\"@id\":\"https:\\\/\\\/hf-concepts.de\\\/en#\\\/schema\\\/logo\\\/image\\\/\",\"url\":\"https:\\\/\\\/hf-concepts.de\\\/wp-content\\\/uploads\\\/2021\\\/05\\\/HF-Concepts-LOGO-96.png\",\"contentUrl\":\"https:\\\/\\\/hf-concepts.de\\\/wp-content\\\/uploads\\\/2021\\\/05\\\/HF-Concepts-LOGO-96.png\",\"width\":491,\"height\":96,\"caption\":\"HF-Concepts\"},\"image\":{\"@id\":\"https:\\\/\\\/hf-concepts.de\\\/en#\\\/schema\\\/logo\\\/image\\\/\"},\"sameAs\":[\"https:\\\/\\\/www.facebook.com\\\/hfconceptsgermany\\\/\",\"https:\\\/\\\/www.instagram.com\\\/hf_concepts\\\/\",\"https:\\\/\\\/www.linkedin.com\\\/company\\\/hf-concepts\\\/\"]}]}<\/script>\n<!-- \/ Yoast SEO plugin. -->","yoast_head_json":{"title":"Events - HF Concepts","robots":{"index":"index","follow":"follow","max-snippet":"max-snippet:-1","max-image-preview":"max-image-preview:large","max-video-preview":"max-video-preview:-1"},"canonical":"https:\/\/hf-concepts.de\/en\/events-2","og_locale":"en_US","og_type":"article","og_title":"Events - HF Concepts","og_description":"Where you can find us Upcoming events and trade fair appearances HF Concepts at the Turn Around Aging conference in Munich INVATIO bietet alles an Zubeh\u00f6r zu den hypoxBreath-Ger\u00e4ten. HF Concepts at the FaceClub Longevity Day at AquaWista in Berlin Die HCC Akademie bietet Online-Kurse zum Thema IHHT H\u00f6hentraining an. HF Concepts at FIBO in [&hellip;]","og_url":"https:\/\/hf-concepts.de\/en\/events-2","og_site_name":"HF Concepts","article_publisher":"https:\/\/www.facebook.com\/hfconceptsgermany\/","article_modified_time":"2025-10-01T07:18:56+00:00","og_image":[{"width":750,"height":380,"url":"https:\/\/hf-concepts.de\/wp-content\/uploads\/2025\/09\/invatio_shop-2.png","type":"image\/png"}],"twitter_card":"summary_large_image","twitter_misc":{"Est. reading time":"1 minute"},"schema":{"@context":"https:\/\/schema.org","@graph":[{"@type":"WebPage","@id":"https:\/\/hf-concepts.de\/en\/events-2","url":"https:\/\/hf-concepts.de\/en\/events-2","name":"Events - HF Concepts","isPartOf":{"@id":"https:\/\/hf-concepts.de\/en#website"},"primaryImageOfPage":{"@id":"https:\/\/hf-concepts.de\/en\/events-2#primaryimage"},"image":{"@id":"https:\/\/hf-concepts.de\/en\/events-2#primaryimage"},"thumbnailUrl":"https:\/\/hf-concepts.de\/wp-content\/uploads\/2025\/09\/invatio_shop-2.png","datePublished":"2025-09-29T14:40:08+00:00","dateModified":"2025-10-01T07:18:56+00:00","breadcrumb":{"@id":"https:\/\/hf-concepts.de\/en\/events-2#breadcrumb"},"inLanguage":"en-US","potentialAction":[{"@type":"ReadAction","target":["https:\/\/hf-concepts.de\/en\/events-2"]}]},{"@type":"ImageObject","inLanguage":"en-US","@id":"https:\/\/hf-concepts.de\/en\/events-2#primaryimage","url":"https:\/\/hf-concepts.de\/wp-content\/uploads\/2025\/09\/invatio_shop-2.png","contentUrl":"https:\/\/hf-concepts.de\/wp-content\/uploads\/2025\/09\/invatio_shop-2.png"},{"@type":"BreadcrumbList","@id":"https:\/\/hf-concepts.de\/en\/events-2#breadcrumb","itemListElement":[{"@type":"ListItem","position":1,"name":"Startseite","item":"https:\/\/hf-concepts.de\/en\/home"},{"@type":"ListItem","position":2,"name":"Events"}]},{"@type":"WebSite","@id":"https:\/\/hf-concepts.de\/en#website","url":"https:\/\/hf-concepts.de\/en","name":"HF Concepts","description":"Experten f\u00fcr Biohacking &amp; Longevity Technologien","publisher":{"@id":"https:\/\/hf-concepts.de\/en#organization"},"potentialAction":[{"@type":"SearchAction","target":{"@type":"EntryPoint","urlTemplate":"https:\/\/hf-concepts.de\/en?s={search_term_string}"},"query-input":{"@type":"PropertyValueSpecification","valueRequired":true,"valueName":"search_term_string"}}],"inLanguage":"en-US"},{"@type":"Organization","@id":"https:\/\/hf-concepts.de\/en#organization","name":"HF-Concepts","url":"https:\/\/hf-concepts.de\/en","logo":{"@type":"ImageObject","inLanguage":"en-US","@id":"https:\/\/hf-concepts.de\/en#\/schema\/logo\/image\/","url":"https:\/\/hf-concepts.de\/wp-content\/uploads\/2021\/05\/HF-Concepts-LOGO-96.png","contentUrl":"https:\/\/hf-concepts.de\/wp-content\/uploads\/2021\/05\/HF-Concepts-LOGO-96.png","width":491,"height":96,"caption":"HF-Concepts"},"image":{"@id":"https:\/\/hf-concepts.de\/en#\/schema\/logo\/image\/"},"sameAs":["https:\/\/www.facebook.com\/hfconceptsgermany\/","https:\/\/www.instagram.com\/hf_concepts\/","https:\/\/www.linkedin.com\/company\/hf-concepts\/"]}]}},"_links":{"self":[{"href":"https:\/\/hf-concepts.de\/en\/wp-json\/wp\/v2\/pages\/12671","targetHints":{"allow":["GET"]}}],"collection":[{"href":"https:\/\/hf-concepts.de\/en\/wp-json\/wp\/v2\/pages"}],"about":[{"href":"https:\/\/hf-concepts.de\/en\/wp-json\/wp\/v2\/types\/page"}],"author":[{"embeddable":true,"href":"https:\/\/hf-concepts.de\/en\/wp-json\/wp\/v2\/users\/4"}],"replies":[{"embeddable":true,"href":"https:\/\/hf-concepts.de\/en\/wp-json\/wp\/v2\/comments?post=12671"}],"version-history":[{"count":0,"href":"https:\/\/hf-concepts.de\/en\/wp-json\/wp\/v2\/pages\/12671\/revisions"}],"wp:attachment":[{"href":"https:\/\/hf-concepts.de\/en\/wp-json\/wp\/v2\/media?parent=12671"}],"curies":[{"name":"wp","href":"https:\/\/api.w.org\/{rel}","templated":true}]}}